{"id":5767,"date":"2017-01-12T17:41:51","date_gmt":"2017-01-12T17:41:51","guid":{"rendered":"http:\/\/hiramenriquez.com\/es\/?page_id=5767"},"modified":"2020-04-09T12:07:09","modified_gmt":"2020-04-09T16:07:09","slug":"hiram-enriquez-biografia","status":"publish","type":"page","link":"https:\/\/hiramenriquez.com\/es\/hiram-enriquez-biografia\/","title":{"rendered":"Acerca de"},"content":{"rendered":"<section class=\"l-section wpb_row height_auto width_full\"><div class=\"l-section-h i-cf\"><div class=\"g-cols vc_row via_flex valign_top type_default stacking_default\"><div class=\"vc_col-sm-12 wpb_column vc_column_container\"><div class=\"vc_column-inner\"><div class=\"wpb_wrapper\"><div class=\"w-image align_center\"><div class=\"w-image-h\"><img width=\"1024\" height=\"267\" src=\"https:\/\/hiramenriquez.com\/wp-content\/uploads\/2019\/04\/Banner.png\" class=\"attachment-full size-full\" alt=\"Hiram Enriquez Journalist\" loading=\"lazy\" srcset=\"https:\/\/hiramenriquez.com\/wp-content\/uploads\/2019\/04\/Banner.png 1024w, https:\/\/hiramenriquez.com\/wp-content\/uploads\/2019\/04\/Banner-300x78.png 300w, https:\/\/hiramenriquez.com\/wp-content\/uploads\/2019\/04\/Banner-600x156.png 600w, https:\/\/hiramenriquez.com\/wp-content\/uploads\/2019\/04\/Banner-768x200.png 768w\" sizes=\"(max-width: 1024px) 100vw, 1024px\" \/><\/div><\/div><\/div><\/div><\/div><\/div><\/div><\/section><section class=\"l-section wpb_row height_auto width_full color_alternate\"><div class=\"l-section-overlay\" style=\"background:#ffffff\"><\/div><div class=\"l-section-h i-cf\"><div class=\"g-cols vc_row via_flex valign_middle type_boxes stacking_default\"><div class=\"vc_col-sm-12 wpb_column vc_column_container has_text_color\"><div class=\"vc_column-inner us_custom_02902e76\"><div class=\"wpb_wrapper\"><div class=\"w-separator size_medium\"><\/div><div class=\"g-cols wpb_row via_flex valign_middle type_default stacking_default\" style=\"--additional-gap:35;\"><div class=\"vc_col-sm-6 wpb_column vc_column_container\"><div class=\"vc_column-inner\"><div class=\"wpb_wrapper\"><div class=\"w-separator size_custom\" style=\"height:64px\"><\/div><div class=\"w-image align_center\"><div class=\"w-image-h\"><img width=\"300\" height=\"300\" src=\"https:\/\/hiramenriquez.com\/wp-content\/uploads\/2019\/04\/Profile-1.png\" class=\"attachment-large size-large\" alt=\"Hiram\" loading=\"lazy\" srcset=\"https:\/\/hiramenriquez.com\/wp-content\/uploads\/2019\/04\/Profile-1.png 300w, https:\/\/hiramenriquez.com\/wp-content\/uploads\/2019\/04\/Profile-1-150x150.png 150w\" sizes=\"(max-width: 300px) 100vw, 300px\" \/><\/div><\/div><div class=\"w-separator size_custom\" style=\"height:64px\"><\/div><div class=\"w-separator size_custom\" style=\"height:64px\"><\/div><div class=\"wpb_text_column hiram_align\"><div class=\"wpb_wrapper\"><div class=\"\" style=\"text-align: left;\"><em><strong><br \/>\nHira<img loading=\"lazy\" class=\"wp-image-6622 alignleft\" src=\"http:\/\/hiramenriquez.com\/wp-content\/uploads\/2019\/04\/1-HIRammmmm-300x200.jpg\" alt=\"\" width=\"177\" height=\"118\" \/>m Enriquez<\/strong><\/em><\/div>\n<div class=\"vc_col-sm-9 wpb_column vc_column_container\">\n<div class=\"vc_column-inner\">\n<div class=\"wpb_text_column \">\n<div class=\"wpb_wrapper\">\n<p style=\"text-align: left;\"><strong>Fundador de Mist | The Content Cloud<\/strong><br \/>\nEstados Unidos<\/p>\n<p style=\"text-align: left;\"><a class=\"w-btn style_raised color_white icon_atleft\" style=\"background-color: #ffffff; color: #008eb5;\" href=\"https:\/\/www.linkedin.com\/in\/hiramenriquez\"><span class=\"w-btn-label\" style=\"background-color: #ffffff; color: #008eb5;\">Ver Perfil<\/span><\/a><\/p>\n<\/div>\n<\/div>\n<\/div>\n<\/div>\n<\/div><\/div><\/div><\/div><\/div><div class=\"vc_col-sm-6 wpb_column vc_column_container\"><div class=\"vc_column-inner\"><div class=\"wpb_wrapper\"><div class=\"wpb_text_column\"><div class=\"wpb_wrapper\"><h2 style=\"color: #008eb5;\"><em>@DigitalHiram<\/em><\/h2>\n<div style=\"text-align: justify;\">\n<p><strong>Hiram Enriquez<\/strong> (<a title=\"Twitter: @DigitalHiram\" href=\"https:\/\/twitter.com\/DigitalHiram\" target=\"_blank\" rel=\"noopener noreferrer\">@DigitalHiram<\/a>) es un reconocido periodista, escritor y conferencista, y un pionero de la disciplina del \u201ccontent marketing\u201d como fundador de <a href=\"http:\/\/contentmist.com\">Mist | The Content Cloud<\/a> y Nativo411. En su\u00a0carrera combina s\u00f3lidos antecedentes en la gesti\u00f3n de medios y la creaci\u00f3n de productos y contenidos digitales \u00a0con una pasi\u00f3n extraordinaria por las nuevas tecnolog\u00edas y los estilos de vida digitales. Es un experimentado estratega con iniciativas enfocadas en Estados Unidos y Am\u00e9rica Latina.<\/p>\n<\/div>\n<p>A lo largo de su carrera, Enr\u00edquez ha estado al frente de importantes proyectos digitales. Fue Director de Mercadeo de Productos para las cadenas digitales de la Divisi\u00f3n de America Latina de Sony Pictures Television, incluyendo Crackle Latin America, Crackle Brazil, Canal Sony y AXN (Brazil y Latin America). En este puesto estuvo a cargo de definir y gerenciar las estrategias de mercadeo, asociaciones estrat\u00e9gicas, programaci\u00f3n y manejo de audiencia.<\/p>\n<p>Antes de unirse a Sony, sirvi\u00f3 como\u00a0Director de Innovaci\u00f3n en Productos Digitales para VIACOM International Media Networks-The Americas, donde lidera la planificaci\u00f3n y ejecuci\u00f3n de la estrategia digital para las marcas de esa empresa en Am\u00e9rica Latina y el mercado hispano de los Estados Unidos como <a href=\"http:\/\/www.mtvla.com\/\" target=\"_blank\" rel=\"noopener noreferrer\">MTV<\/a>, <a href=\"http:\/\/www.tr3s.com\/\" target=\"_blank\" rel=\"noopener noreferrer\">Tr3s<\/a>, <a href=\"http:\/\/www.mundonick.com\/\" target=\"_blank\" rel=\"noopener noreferrer\">Nickelodeon<\/a> y <a href=\"http:\/\/www.comedycentral.la\/\" target=\"_blank\" rel=\"noopener noreferrer\">Comedy Central<\/a>.<\/p>\n<p>Anteriormente ha trabajado para la divisi\u00f3n de Medios Interactivos de la cadena <a href=\"http:\/\/univision.com\/\" target=\"_blank\" rel=\"noopener noreferrer\">Univisi\u00f3n<\/a> y tambi\u00e9n se ha ha desempe\u00f1ado como consultor asociado de Webbmedia Group. Previamente, como director de Programaci\u00f3n de <a href=\"http:\/\/www.yahoo.com\/\" target=\"_blank\" rel=\"noopener noreferrer\">Yahoo! Latinoam\u00e9rica<\/a>, administr\u00f3 las operaciones editoriales de los sitios en espa\u00f1ol de Yahoo! en el continente americano. Antes de unirse a Yahoo!, Enriquez fue creador y presentador del programa \u201cZona Digital\u201d en CNN en Espa\u00f1ol, un espacio dedicado a temas de Internet y tecnolog\u00eda personal. Adem\u00e1s, fue productor y corresponsal para los programas de noticias, negocios y finanzas de esta cadena, incluidos \u201cEconom\u00eda y Finanzas\u201d y \u201cEn Efectivo\u201d.<\/p>\n<p>Hiram Enriquez naci\u00f3 en Cuba, y obtuvo la Licenciatura en Periodismo en la Universidad de La Habana. Posee una Maestr\u00eda en Estudios de Comunicaci\u00f3n de la Universidad Estatal de Georgia y ha desarrollado estudios de postgrado en la Universidad de Carolina del Norte en Chapel Hill. Enriquez escribe un <a href=\"http:\/\/hiramenriquez.com\/es\/hiram-enriquez-blog-espanol\/\">blog<\/a> en el que aborda temas en los medios digitales y la industria de la comunicaci\u00f3n en el marco de las tecnolog\u00edas y redes inform\u00e1ticas.<\/p>\n<\/div><\/div><\/div><\/div><\/div><\/div><\/div><\/div><\/div><\/div><\/div><\/section>\n","protected":false},"excerpt":{"rendered":"Hiram Enriquez Fundador de Mist | The Content Cloud Estados Unidos Ver Perfil @DigitalHiram Hiram Enriquez (@DigitalHiram) es un reconocido periodista, escritor y conferencista, y un pionero de la disciplina del \u201ccontent marketing\u201d como fundador de Mist | The Content Cloud y Nativo411. En su\u00a0carrera combina s\u00f3lidos antecedentes en la gesti\u00f3n de medios y la...","protected":false},"author":1,"featured_media":0,"parent":0,"menu_order":0,"comment_status":"closed","ping_status":"closed","template":"","meta":[],"yoast_head":"<!-- This site is optimized with the Yoast SEO plugin v18.4.1 - https:\/\/yoast.com\/wordpress\/plugins\/seo\/ -->\n<title>Acerca de | Hiram Enriquez : Innovador, L\u00edder y Experto en Medios Digitales<\/title>\n<meta name=\"description\" content=\"Reconocido periodista, escritor y conferencista, y pionero de la disciplina del \u201ccontent marketing\u201d como fundador de Mist | The Content Cloud y Nativo411.\" \/>\n<meta name=\"robots\" content=\"index, follow, max-snippet:-1, max-image-preview:large, max-video-preview:-1\" \/>\n<link rel=\"canonical\" href=\"https:\/\/hiramenriquez.com\/es\/hiram-enriquez-biografia\/\" \/>\n<meta property=\"og:locale\" content=\"es_ES\" \/>\n<meta property=\"og:type\" content=\"article\" \/>\n<meta property=\"og:title\" content=\"Acerca de | Hiram Enriquez : Innovador, L\u00edder y Experto en Medios Digitales\" \/>\n<meta property=\"og:description\" content=\"Reconocido periodista, escritor y conferencista, y pionero de la disciplina del \u201ccontent marketing\u201d como fundador de Mist | The Content Cloud y Nativo411.\" \/>\n<meta property=\"og:url\" content=\"https:\/\/hiramenriquez.com\/es\/hiram-enriquez-biografia\/\" \/>\n<meta property=\"og:site_name\" content=\"Hiram Enriquez\" \/>\n<meta property=\"article:modified_time\" content=\"2020-04-09T16:07:09+00:00\" \/>\n<meta property=\"og:image\" content=\"http:\/\/hiramenriquez.com\/wp-content\/uploads\/2019\/04\/1-HIRammmmm-300x200.jpg\" \/>\n<meta name=\"twitter:card\" content=\"summary\" \/>\n<meta name=\"twitter:label1\" content=\"Tiempo de lectura\" \/>\n\t<meta name=\"twitter:data1\" content=\"3 minutos\" \/>\n<script type=\"application\/ld+json\" class=\"yoast-schema-graph\">{\"@context\":\"https:\/\/schema.org\",\"@graph\":[{\"@type\":\"WebSite\",\"@id\":\"https:\/\/hiramenriquez.com\/#website\",\"url\":\"https:\/\/hiramenriquez.com\/\",\"name\":\"Hiram Enriquez\",\"description\":\"Leader and Innovator in Digital Media\",\"potentialAction\":[{\"@type\":\"SearchAction\",\"target\":{\"@type\":\"EntryPoint\",\"urlTemplate\":\"https:\/\/hiramenriquez.com\/?s={search_term_string}\"},\"query-input\":\"required name=search_term_string\"}],\"inLanguage\":\"es\"},{\"@type\":\"ImageObject\",\"@id\":\"https:\/\/hiramenriquez.com\/es\/hiram-enriquez-biografia\/#primaryimage\",\"inLanguage\":\"es\",\"url\":\"http:\/\/hiramenriquez.com\/wp-content\/uploads\/2019\/04\/1-HIRammmmm-300x200.jpg\",\"contentUrl\":\"http:\/\/hiramenriquez.com\/wp-content\/uploads\/2019\/04\/1-HIRammmmm-300x200.jpg\"},{\"@type\":\"WebPage\",\"@id\":\"https:\/\/hiramenriquez.com\/es\/hiram-enriquez-biografia\/#webpage\",\"url\":\"https:\/\/hiramenriquez.com\/es\/hiram-enriquez-biografia\/\",\"name\":\"Acerca de | Hiram Enriquez : Innovador, L\u00edder y Experto en Medios Digitales\",\"isPartOf\":{\"@id\":\"https:\/\/hiramenriquez.com\/#website\"},\"primaryImageOfPage\":{\"@id\":\"https:\/\/hiramenriquez.com\/es\/hiram-enriquez-biografia\/#primaryimage\"},\"datePublished\":\"2017-01-12T17:41:51+00:00\",\"dateModified\":\"2020-04-09T16:07:09+00:00\",\"description\":\"Reconocido periodista, escritor y conferencista, y pionero de la disciplina del \u201ccontent marketing\u201d como fundador de Mist | The Content Cloud y Nativo411.\",\"breadcrumb\":{\"@id\":\"https:\/\/hiramenriquez.com\/es\/hiram-enriquez-biografia\/#breadcrumb\"},\"inLanguage\":\"es\",\"potentialAction\":[{\"@type\":\"ReadAction\",\"target\":[\"https:\/\/hiramenriquez.com\/es\/hiram-enriquez-biografia\/\"]}]},{\"@type\":\"BreadcrumbList\",\"@id\":\"https:\/\/hiramenriquez.com\/es\/hiram-enriquez-biografia\/#breadcrumb\",\"itemListElement\":[{\"@type\":\"ListItem\",\"position\":1,\"name\":\"Home\",\"item\":\"https:\/\/hiramenriquez.com\/es\/\"},{\"@type\":\"ListItem\",\"position\":2,\"name\":\"Acerca de\"}]}]}<\/script>\n<!-- \/ Yoast SEO plugin. -->","yoast_head_json":{"title":"Acerca de | Hiram Enriquez : Innovador, L\u00edder y Experto en Medios Digitales","description":"Reconocido periodista, escritor y conferencista, y pionero de la disciplina del \u201ccontent marketing\u201d como fundador de Mist | The Content Cloud y Nativo411.","robots":{"index":"index","follow":"follow","max-snippet":"max-snippet:-1","max-image-preview":"max-image-preview:large","max-video-preview":"max-video-preview:-1"},"canonical":"https:\/\/hiramenriquez.com\/es\/hiram-enriquez-biografia\/","og_locale":"es_ES","og_type":"article","og_title":"Acerca de | Hiram Enriquez : Innovador, L\u00edder y Experto en Medios Digitales","og_description":"Reconocido periodista, escritor y conferencista, y pionero de la disciplina del \u201ccontent marketing\u201d como fundador de Mist | The Content Cloud y Nativo411.","og_url":"https:\/\/hiramenriquez.com\/es\/hiram-enriquez-biografia\/","og_site_name":"Hiram Enriquez","article_modified_time":"2020-04-09T16:07:09+00:00","og_image":[{"url":"http:\/\/hiramenriquez.com\/wp-content\/uploads\/2019\/04\/1-HIRammmmm-300x200.jpg"}],"twitter_card":"summary","twitter_misc":{"Tiempo de lectura":"3 minutos"},"schema":{"@context":"https:\/\/schema.org","@graph":[{"@type":"WebSite","@id":"https:\/\/hiramenriquez.com\/#website","url":"https:\/\/hiramenriquez.com\/","name":"Hiram Enriquez","description":"Leader and Innovator in Digital Media","potentialAction":[{"@type":"SearchAction","target":{"@type":"EntryPoint","urlTemplate":"https:\/\/hiramenriquez.com\/?s={search_term_string}"},"query-input":"required name=search_term_string"}],"inLanguage":"es"},{"@type":"ImageObject","@id":"https:\/\/hiramenriquez.com\/es\/hiram-enriquez-biografia\/#primaryimage","inLanguage":"es","url":"http:\/\/hiramenriquez.com\/wp-content\/uploads\/2019\/04\/1-HIRammmmm-300x200.jpg","contentUrl":"http:\/\/hiramenriquez.com\/wp-content\/uploads\/2019\/04\/1-HIRammmmm-300x200.jpg"},{"@type":"WebPage","@id":"https:\/\/hiramenriquez.com\/es\/hiram-enriquez-biografia\/#webpage","url":"https:\/\/hiramenriquez.com\/es\/hiram-enriquez-biografia\/","name":"Acerca de | Hiram Enriquez : Innovador, L\u00edder y Experto en Medios Digitales","isPartOf":{"@id":"https:\/\/hiramenriquez.com\/#website"},"primaryImageOfPage":{"@id":"https:\/\/hiramenriquez.com\/es\/hiram-enriquez-biografia\/#primaryimage"},"datePublished":"2017-01-12T17:41:51+00:00","dateModified":"2020-04-09T16:07:09+00:00","description":"Reconocido periodista, escritor y conferencista, y pionero de la disciplina del \u201ccontent marketing\u201d como fundador de Mist | The Content Cloud y Nativo411.","breadcrumb":{"@id":"https:\/\/hiramenriquez.com\/es\/hiram-enriquez-biografia\/#breadcrumb"},"inLanguage":"es","potentialAction":[{"@type":"ReadAction","target":["https:\/\/hiramenriquez.com\/es\/hiram-enriquez-biografia\/"]}]},{"@type":"BreadcrumbList","@id":"https:\/\/hiramenriquez.com\/es\/hiram-enriquez-biografia\/#breadcrumb","itemListElement":[{"@type":"ListItem","position":1,"name":"Home","item":"https:\/\/hiramenriquez.com\/es\/"},{"@type":"ListItem","position":2,"name":"Acerca de"}]}]}},"_links":{"self":[{"href":"https:\/\/hiramenriquez.com\/es\/wp-json\/wp\/v2\/pages\/5767\/"}],"collection":[{"href":"https:\/\/hiramenriquez.com\/es\/wp-json\/wp\/v2\/pages\/"}],"about":[{"href":"https:\/\/hiramenriquez.com\/es\/wp-json\/wp\/v2\/types\/page\/"}],"author":[{"embeddable":true,"href":"https:\/\/hiramenriquez.com\/es\/wp-json\/wp\/v2\/users\/1\/"}],"replies":[{"embeddable":true,"href":"https:\/\/hiramenriquez.com\/es\/wp-json\/wp\/v2\/comments\/?post=5767"}],"version-history":[{"count":12,"href":"https:\/\/hiramenriquez.com\/es\/wp-json\/wp\/v2\/pages\/5767\/revisions\/"}],"predecessor-version":[{"id":8619,"href":"https:\/\/hiramenriquez.com\/es\/wp-json\/wp\/v2\/pages\/5767\/revisions\/8619\/"}],"wp:attachment":[{"href":"https:\/\/hiramenriquez.com\/es\/wp-json\/wp\/v2\/media\/?parent=5767"}],"curies":[{"name":"wp","href":"https:\/\/api.w.org\/{rel}","templated":true}]}}